{"id":10124,"date":"2026-02-23T21:51:24","date_gmt":"2026-02-23T20:51:24","guid":{"rendered":"https:\/\/www.kaktusykatowice.pl\/?post_type=product&#038;p=10124"},"modified":"2026-03-24T21:28:29","modified_gmt":"2026-03-24T20:28:29","slug":"dzien-portugalski-w-kaktusach","status":"publish","type":"product","link":"https:\/\/www.kaktusykatowice.pl\/en\/produkt\/dzien-portugalski-w-kaktusach\/","title":{"rendered":"PORTUGALIA \u2013 FADO &#038; FIESTA \ud83c\uddf5\ud83c\uddf9\ud83c\udfb8\ud83d\udc83"},"content":{"rendered":"<p>23 maja Kaktusy zabior\u0105 Ci\u0119 do Portugalii.<br \/>\nDo \u015bwiata fado, po\u0142udniowego temperamentu i nocnych fiest.<br \/>\nTam, gdzie kolacja to rytua\u0142.<br \/>\nA ka\u017cda nuta opowiada histori\u0119.<\/p>\n<p>\ud83d\udcc5 23 maja 2026 | 19:00<\/p>\n<p>\ud83c\udf7d\ufe0f Kolacja tematyczna \u2013 Smaki Portugalii<br \/>\nKuchnia, kt\u00f3ra \u0142\u0105czy oceaniczn\u0105 \u015bwie\u017co\u015b\u0107 z po\u0142udniowym temperamentem.<br \/>\nWywa\u017cona, a jednocze\u015bnie intensywna.<br \/>\nProsta w formie, bogata w charakterze.<br \/>\nTak smakuje Portugalia.<\/p>\n<p>\ud83c\udfb6 Muzyka na \u017cywo \u2013 Fado<br \/>\nG\u0142os. Gitara. Emocja.<\/p>\n<p>Autentyczny klimat portugalskich ulic po zmroku.<\/p>\n<p>A p\u00f3\u017aniej\u2026<\/p>\n<p>wi\u0119cej rytmu, wi\u0119cej energii i wi\u0119cej po\u0142udnia!<\/p>\n<p>\u2728 Styl wieczoru \u2013 Iberian Elegance<br \/>\nGranat. Turkus. Z\u0142ote \u015bwiat\u0142o.<\/p>\n<p>Kolor jak portugalskie azulejos.<\/p>\n<p>Swoboda, kt\u00f3ra zach\u0119ca do ta\u0144ca.<\/p>\n<p>\ud83d\udcb8 Cena kolacji: 265 z\u0142 \/ osoba<\/p>\n<p><img decoding=\"async\" class=\"emoji\" role=\"img\" draggable=\"false\" src=\"https:\/\/s.w.org\/images\/core\/emoji\/17.0.2\/svg\/1f379.svg\" alt=\"\ud83c\udf79\" \/>\u00a0Alkohole i napoje: dost\u0119pne w sprzeda\u017cy na barze zgodnie z aktualn\u0105 ofert\u0105.<\/p>\n<p>\ud83d\udccd ul. Dworcowa 9\u201311, Katowice<\/p>\n<p>To kolejny przystanek kaktusowych podr\u00f3\u017cy, kt\u00f3ry przyci\u0105ga sta\u0142ych bywalc\u00f3w.<br \/>\nJe\u015bli chcesz by\u0107 cz\u0119\u015bci\u0105 tej historii &#8211; warto zaplanowa\u0107 go wcze\u015bniej.<\/p>\n<p>\ud83d\udc49 Zarezerwuj miejsce i poczuj portugalskie Fado &amp; Fiesta<\/p>\n<p><strong>UWAGA! Je\u015bli kupujesz wi\u0119ksz\u0105 ilo\u015b\u0107 kolacji tematycznych. <\/strong><\/p>\n<p><strong>Na przyk\u0142ad dla siebie i osoby towarzysz\u0105cej. Dane osobowe, os\u00f3b zaproszonych wpisz w uwagach do zam\u00f3wienia.<\/strong><\/p>\n","protected":false},"excerpt":{"rendered":"<p data-start=\"72\" data-end=\"454\">Zanurz si\u0119 w wieczorze pe\u0142nym emocji, d\u017awi\u0119k\u00f3w i smak\u00f3w znad Atlantyku. 23 maja przeniesiemy si\u0119 do Portugalii \u2013 tam, gdzie w powietrzu unosi si\u0119 melancholia fado, a noc pulsuje rytmem po\u0142udnia. To b\u0119dzie kolacja, kt\u00f3ra poruszy zmys\u0142y i muzyka, kt\u00f3ra zostaje w sercu na d\u0142ugo. Pozw\u00f3l sobie na chwil\u0119 portugalskiej pasji \u2013 intensywnej, autentycznej i absolutnie niezapomnianej. \ud83c\uddf5\ud83c\uddf9<\/p>\n","protected":false},"featured_media":10122,"template":"","meta":{"_links_to":"","_links_to_target":""},"product_brand":[],"product_cat":[138,123],"product_tag":[],"product_shipping_class":[],"class_list":{"0":"post-10124","1":"product","2":"type-product","3":"status-publish","4":"has-post-thumbnail","6":"product_cat-eventy","7":"product_cat-sklep","9":"first","10":"instock","11":"virtual","12":"taxable","13":"purchasable","14":"product-type-event_ticket_manager"},"_wp_attached_file":null,"_wp_attachment_metadata":null,"wpml_media_processed":null,"_wp_attachment_image_alt":null,"_wpml_media_usage":null,"_wp_attachment_context":null,"_imagify_optimization_level":null,"_imagify_status":null,"_imagify_data":null,"_wp_attachment_backup_sizes":null,"_email":null,"_name":null,"_props":null,"_last_contacted":null,"_spam_meta_time":null,"_submission_status":null,"_subject":null,"_from":null,"_from_name":null,"_from_email":null,"_field_your-name":null,"_field_your-email":null,"_field_your-phone":null,"_field_ilosc-osob":null,"_field_data-rezerwacji":null,"_field_godzina-rezerwacji-walentynki":null,"_field_godzina-rezerwacji":null,"_field_your-message":null,"_field_newsletter":null,"_field_mc4wp_checkbox":null,"_fields":null,"_meta":null,"_akismet":null,"_recaptcha":null,"_spam_log":null,"_consent":null,"_field_g-recaptcha-response":null,"_field_ak_js":null,"_field_telefon":null,"_field_temat":null,"_field_rodzaj-dania":null,"_field_ak_bib":null,"_field_ak_bfs":null,"_field_ak_bkpc":null,"_field_ak_bkp":null,"_field_ak_bmc":null,"_field_ak_bmcc":null,"_field_ak_bmk":null,"_field_ak_bck":null,"_field_ak_bmmc":null,"_field_ak_btmc":null,"_field_ak_bsc":null,"_field_ak_bte":null,"_field_ak_btec":null,"_field_ak_bmm":null,"_mc4wp_settings":null,"text_subscribed":null,"text_invalid_email":null,"text_required_field_missing":null,"text_already_subscribed":null,"text_error":null,"text_unsubscribed":null,"text_not_subscribed":null,"text_no_lists_selected":null,"text_updated":null,"_menu_item_type":null,"_menu_item_menu_item_parent":null,"_menu_item_object_id":null,"_menu_item_object":null,"_menu_item_target":null,"_menu_item_classes":null,"_menu_item_xfn":null,"_menu_item_url":null,"_menu_item_orphaned":null,"_menu_sgpb_popup_id":null,"_wpb_vc_js_status":null,"rnr_rs_commin_page_counter_opt":null,"rnr_rs_commin_page_social_button_opt":null,"rnr_rs_commin_page_social_icon_opt":null,"rnr_rs_commin_page_reservation_button_opt":null,"rnr_rs_commin_page_contact_info_opt":null,"rnr_rs_commin_page_contact_info_item_opt":null,"rnr_rs_page_cooming_bottom_back_effect":null,"rnr_wr_pagetype":null,"rnr_wr_pagetype_container":null,"rnr_wr_page_food_type":null,"rnr_rs_food_menu_category_filter":null,"rnr_rs_menu_post_show":null,"rnr_rs_food_menu_category_count":null,"rnr_rs_menu_page_button_type":null,"rnr_rs_page_animation":null,"rnr_rs_page_bottom_brush":null,"rnr_rs_page_bottom_back_effect":null,"rnr_rs_one_page_bottom_brush":null,"rnr_wr_intro_sc_opt":null,"rnr_rs_intro_brush_effect":null,"rnr_rs_intro_default_title":null,"rnr_rs_intro_dfault_sub_title":null,"rnr_rs_intro_default_mousy_button":null,"rnr_rs_intro_parallax_image_button_type":null,"rnr_rs_intro_parallax_image_corner_border":null,"rnr_rs_intro_parallax_image_social_button_opt":null,"rnr_rs_intro_parallax_social_icon_opt":null,"rnr_rs_intro_slider_gallery_slider":null,"rnr_rs_intro_slider_corner_border":null,"rnr_rs_intro_carousel_opt":null,"rnr_rs_intro_carousel_corner_border":null,"rnr_rs_intro_slideshow_button_type":null,"rnr_rs_intro_slideshow_corner_border":null,"rnr_rs_intro_slideshow_social_button_opt":null,"rnr_rs_intro_slideshow_social_icon_opt":null,"rnr_rs_intro_video_select_opt":null,"rnr_rs_intro_youtube_video_sound":null,"rnr_rs_intro_video_image_button_type":null,"rnr_rs_intro_video_image_corner_border":null,"rnr_rs_intro_video_image_social_button_opt":null,"rnr_rs_intro_video_social_icon_opt":null,"rnr_rs_intro_google_map_con_info":null,"rnr_rs_intro_google_map_loaction_opt":null,"rnr_rs_intro_rev_image_overlay":null,"rnr_rs_intro_revolution_slider_button_type":null,"rnr_rs_intro_revolution_slider_corner_border":null,"rnr_rs_intro_revolution_slider_social_button_opt":null,"rnr_rs_intro_revolution_slider_social_icon_opt":null,"rnr_rs_one_coming_soon_opt":null,"rnr_rs_one_commin_page_counter_opt":null,"rnr_rs_one_commin_page_social_button_opt":null,"rnr_rs_one_commin_page_social_icon_opt":null,"rnr_rs_one_commin_page_reservation_button_opt":null,"rnr_rs_one_commin_page_contact_info_opt":null,"rnr_rs_one_commin_page_contact_info_item_opt":null,"rnr_rs_one_page_cooming_bottom_back_effect":null,"rnr_rs_menu_post_exclude_main_cat_id":null,"_dp_is_rewrite_republish_copy":null,"_dp_creation_date_gmt":null,"rnr_rs_food_menu_subcategory_filter":null,"rnr_rs_intro_google_map_type":null,"rnr_rs_intro_google_sin_map_color_schemes":null,"rnr_rs_intro_google_map_color_schemes":null,"rnr_rs_comming_soon_title":null,"rnr_rs_comming_soon_form":null,"rnr_rs_commin_page_counter_translate1":null,"rnr_rs_commin_page_counter_translate2":null,"rnr_rs_commin_page_counter_translate3":null,"rnr_rs_comming_soon_sub_title":null,"rnr_rs_comming_soon_date":null,"rnr_rs_page_cooming_logo_img":null,"rnr_rs_page_comming_slider_opt":null,"rnr_rs_intro_carousel_gallery_slider_centeredslides":null,"rnr_rs_intro_back_parallax_image":null,"_wpml_post_translation_editor_native":null,"_yoast_wpseo_meta-robots-noindex":null,"_yoast_wpseo_meta-robots-adv":null,"rnr_rs_intro_google_map_title":null,"rnr_rs_intro_google_map_address_title":null,"rnr_rs_intro_google_map_address_content":null,"rnr_rs_intro_google_map_phone_title":null,"rnr_rs_intro_google_map_phone_content":null,"rnr_rs_intro_google_map_email_title":null,"rnr_rs_intro_google_map_email_content":null,"rnr_rs_intro_google_map_main_location":null,"rnr_rs_intro_google_sin_map_lat":null,"rnr_rs_intro_google_sin_map_add":null,"rnr_rs_intro_google_map_api":null,"_dp_has_rewrite_republish_copy":null,"rnr_rs_intro_parallax_image_title":null,"rnr_rs_intro_parallax_image_sub_title":null,"rnr_rs_intro_parallax_image_button_url":null,"rnr_rs_intro_parallax_image_button_text":null,"rnr_rs_intro_parallax_image_scroll_id":null,"rnr_rs_intro_parallax_promo_video_txt":null,"rnr_rs_intro_revolution_slider_shortcode":null,"_yoast_wpseo_meta-robots-nofollow":null,"_oembed_5070a95892a3280abbed5b4c425664a7":null,"_oembed_f9d27d04160a089395a64d21d63bfa74":null,"_oembed_a63a1d3621cf17bbece2b26fe8ec6d6f":null,"_oembed_time_a63a1d3621cf17bbece2b26fe8ec6d6f":null,"_oembed_7768ccf292dd51fdd5397c36f0a541fb":null,"_oembed_time_7768ccf292dd51fdd5397c36f0a541fb":null,"_oembed_b2f49059d65efd2789cac19c64d2550e":null,"_oembed_time_b2f49059d65efd2789cac19c64d2550e":null,"_oembed_9e013dcf47ee388cab89ba1c92481569":null,"_oembed_time_9e013dcf47ee388cab89ba1c92481569":null,"_oembed_2deefcfa47dbe4c3fdd8f76251ea78c0":null,"_oembed_time_2deefcfa47dbe4c3fdd8f76251ea78c0":null,"_oembed_8cc7aa446a5ab0053587a3ea39ef38c2":null,"_oembed_time_8cc7aa446a5ab0053587a3ea39ef38c2":null,"_oembed_77ce363f79fd74e47c8422ca4659cf7d":null,"_oembed_time_77ce363f79fd74e47c8422ca4659cf7d":null,"_oembed_ce2774d74ae80e1385c5836b6dbac813":null,"_oembed_350a8958046f7f58c4388ffd401c05c7":null,"_oembed_time_350a8958046f7f58c4388ffd401c05c7":null,"_oembed_58fee6f5dddc91d3e79e801fe9c7d36c":null,"_oembed_time_58fee6f5dddc91d3e79e801fe9c7d36c":null,"_pll_strings_translations":null,"sg_popup_scripts":null,"sg_popup_target":null,"sg_popup_events":null,"sg_popup_options":null,"_sgpb_original":null,"_yoast_wpseo_primary_category":null,"_encloseme":null,"_regular_price":"265","total_sales":"2","_tax_status":"taxable","_tax_class":"bilety","_manage_stock":"yes","_backorders":"no","_sold_individually":"no","_virtual":"yes","_downloadable":"no","_download_limit":"-1","_download_expiry":"-1","_stock":"67","_stock_status":"instock","_wc_average_rating":"0","_wc_review_count":"0","_product_version":"10.4.3","_price":"265","rnr_rs_pro_short_des":null,"rnr_rs_pro_dt_cus_price":null,"_visibility":"visible","_purchase_note":null,"wps_etmfw_product_array":{"etmfw_event_price":"265","event_start_date_time":"2026-05-23 7:00 pm","event_end_date_time":"2026-05-23 11:00 pm","wps_etmfw_field_user_type_price_data_baseprice":"base_price","etmfw_event_venue":"Restauracja Kaktusy Kato Koncept Kulinarny - Dworcowa 9, 40-012 Katowice","etmfw_event_venue_lat":"","etmfw_event_venue_lng":"","etmfw_event_trash_event":"no","wps_etmfw_dyn_name":"","wps_etmfw_dyn_mail":"","wps_etmfw_dyn_contact":"","wps_etmfw_dyn_date":"","wps_etmfw_dyn_address":"","etmfw_attendees\/organizer_tab_name":"Event Organizer and Attendees","etmfw_display_attendees\/organizer":"","etmfw_display_organizer":"","wps_organizer_multiselect":[],"wps_event_recurring_type":"daily","wps_event_recurring_value":"","wps_limit_user_purchase_event":"","etmfw_set_limit_qty":"","wps_event_recurring_daily_start_time":"","wps_event_recurring_daily_end_time":"","wps_etmfw_field_user_type_price_data":[],"wps_etmfw_field_days_price_data":[],"wps_etmfw_field_stock_price_data":[],"wps_etmfw_field_data":[],"etmfw_display_map":"no","etmfwp_recurring_event_enable":"no","etmfw_booking_offset_start_days":"0","etmfw_booking_offset_end_days":"0"},"product_has_recurring":"no","rnr_shop_column_grid_details_sidebar_image":null,"wps_etmfw_generated_tickets":[{"ticket":"AH09Z","status":"pending","ticket_status":"","order_id":9254,"item_id":241,"email":"pgramcow@testimo.pl","user":7,"event_quantity":"1"},{"ticket":"I9HKU","status":"pending","ticket_status":"","order_id":9255,"item_id":243,"email":"pgramcow@testimo.pl","user":7,"event_quantity":"1"},{"ticket":"QGHWV","status":"pending","ticket_status":"","order_id":9256,"item_id":245,"email":"pgramcow@testimo.pl","user":7,"event_quantity":"1"},{"ticket":"XEMCE","status":"pending","ticket_status":"","order_id":9257,"item_id":247,"email":"pgramcow@testimo.pl","user":7,"event_quantity":"1"},{"ticket":"THBML","status":"pending","ticket_status":"","order_id":9260,"item_id":249,"email":"pgramcow@testimo.pl","user":7,"event_quantity":"1"},{"ticket":"UZTL2","status":"pending","ticket_status":"","order_id":9261,"item_id":251,"email":"pgramcow@testimo.pl","user":7,"event_quantity":"1"},{"ticket":"VTNGM","status":"pending","ticket_status":"","order_id":9263,"item_id":255,"email":"pgramcow@testimo.pl","user":7,"event_quantity":"1"},{"ticket":"7TS8X","status":"pending","ticket_status":"","order_id":9267,"item_id":261,"email":"freakycoders@gmail.com","user":0,"event_quantity":"1"},{"ticket":"KB2VL","status":"pending","ticket_status":"","order_id":9300,"item_id":263,"email":"grzeskonieczny@vp.pl","user":0,"event_quantity":"3"},{"ticket":"8D2PQ","status":"pending","ticket_status":"","order_id":9300,"item_id":263,"email":"grzeskonieczny@vp.pl","user":0,"event_quantity":"3"},{"ticket":"3KGHX","status":"pending","ticket_status":"","order_id":9300,"item_id":263,"email":"grzeskonieczny@vp.pl","user":0,"event_quantity":"3"},{"ticket":"T3LCW","status":"pending","ticket_status":"","order_id":9386,"item_id":311,"email":"janowski.kj@gmail.com","user":0,"event_quantity":"4"},{"ticket":"ELXS7","status":"pending","ticket_status":"","order_id":9386,"item_id":311,"email":"janowski.kj@gmail.com","user":0,"event_quantity":"4"},{"ticket":"TFIRL","status":"pending","ticket_status":"","order_id":9386,"item_id":311,"email":"janowski.kj@gmail.com","user":0,"event_quantity":"4"},{"ticket":"EGOYL","status":"pending","ticket_status":"","order_id":9386,"item_id":311,"email":"janowski.kj@gmail.com","user":0,"event_quantity":"4"},{"ticket":"2UM4N","status":"pending","ticket_status":"","order_id":10110,"item_id":709,"email":"annarosolek83@gmail.com","user":0,"event_quantity":"2"},{"ticket":"I8YUE","status":"pending","ticket_status":"","order_id":10110,"item_id":709,"email":"annarosolek83@gmail.com","user":0,"event_quantity":"2"},{"ticket":"GL9R3","status":"pending","ticket_status":"","order_id":10111,"item_id":711,"email":"marcelina12121@gmail.com","user":0,"event_quantity":"3"},{"ticket":"JB6EQ","status":"pending","ticket_status":"","order_id":10111,"item_id":711,"email":"marcelina12121@gmail.com","user":0,"event_quantity":"3"},{"ticket":"XIQ00","status":"pending","ticket_status":"","order_id":10111,"item_id":711,"email":"marcelina12121@gmail.com","user":0,"event_quantity":"3"},{"ticket":"MVZUX","status":"pending","ticket_status":"","order_id":10173,"item_id":733,"email":"djaniszewski@testimo.pl","user":0,"event_quantity":"1"},{"ticket":"EZXOJ","status":"pending","ticket_status":"","order_id":10287,"item_id":803,"email":"janus.edyta@gmail.com","user":0,"event_quantity":"2"},{"ticket":"0SP7B","status":"pending","ticket_status":"","order_id":10287,"item_id":803,"email":"janus.edyta@gmail.com","user":0,"event_quantity":"2"}],"_product_image_gallery":null,"_sku":null,"_sale_price":null,"_wpb_post_custom_css":null,"_order_key":null,"_customer_user":null,"_payment_method":null,"_payment_method_title":null,"_customer_ip_address":null,"_customer_user_agent":null,"_created_via":null,"_cart_hash":null,"_download_permissions_granted":null,"_recorded_sales":null,"_recorded_coupon_usage_counts":null,"_new_order_email_sent":null,"_order_stock_reduced":null,"_billing_first_name":null,"_billing_last_name":null,"_billing_company":null,"_billing_address_1":null,"_billing_city":null,"_billing_postcode":null,"_billing_country":null,"_billing_email":null,"_billing_phone":null,"_order_currency":null,"_cart_discount":null,"_cart_discount_tax":null,"_order_shipping":null,"_order_shipping_tax":null,"_order_tax":null,"_order_total":null,"_order_version":null,"_prices_include_tax":null,"_billing_address_index":null,"_shipping_address_index":null,"is_vat_exempt":null,"pys_enrich_data":null,"external_id":null,"pys_fb_cookie":null,"_wc_order_attribution_source_type":null,"_wc_order_attribution_utm_source":null,"_wc_order_attribution_session_entry":null,"_wc_order_attribution_session_start_time":null,"_wc_order_attribution_session_pages":null,"_wc_order_attribution_session_count":null,"_wc_order_attribution_user_agent":null,"_wc_order_attribution_device_type":null,"_pys_purchase_event_fired":null,"_billing_address_2":null,"_wc_order_attribution_referrer":null,"_wc_order_attribution_utm_campaign":null,"_wc_order_attribution_utm_medium":null,"_date_completed":null,"_date_paid":null,"_paid_date":null,"_completed_date":null,"wps_order_type":null,"event_ticket9149223":null,"_fdp_count":null,"paymenttype":null,"cardnumber":null,"cardbrand":null,"_transaction_id":null,"event_ticket9157239":null,"event_ticket9264257":null,"event_ticket9267261":null,"event_ticket9300263":null,"_shipping_first_name":null,"_shipping_last_name":null,"_shipping_address_1":null,"_shipping_address_2":null,"_shipping_city":null,"_shipping_postcode":null,"_shipping_country":null,"_billing_nip":null,"event_ticket9151227":null,"event_ticket9155235":null,"event_ticket9156237":null,"event_ticket9254241":null,"event_ticket9255243":null,"event_ticket9256245":null,"event_ticket9257247":null,"event_ticket9260249":null,"event_ticket9261251":null,"event_ticket9262253":null,"event_ticket9263255":null,"event_ticket9346271":null,"event_ticket9386311":null,"_form":null,"_mail":null,"_mail_2":null,"_messages":null,"_additional_settings":null,"_locale":null,"_flamingo":null,"noptin_settings":null,"wpcf7cf_options":null,"_icl_lang_duplicate_of":null,"_wpcode_auto_insert":null,"_wpcode_auto_insert_number":null,"_wpcode_library_id":null,"_edit_lock":"1776343162:11","_edit_last":"7","_wp_page_template":"default","_links_to":null,"_links_to_target":null,"_wpml_location_migration_done":"1","_wp_old_date":null,"_wp_old_slug":null,"_hash":null,"_wpml_media_featured":"1","_wpml_media_duplicate":"1","_last_translation_edit_mode":null,"_wpml_word_count":"295","_dp_original":null,"_thumbnail_id":"10122","rnr_open_page":null,"_yoast_wpseo_focuskw":null,"_yoast_wpseo_metadesc":null,"_yoast_wpseo_linkdex":null,"_yoast_wpseo_estimated-reading-time-minutes":null,"_yoast_wpseo_wordproof_timestamp":null,"_wpml_media_has_media":"1","_pys_head_footer":{"disable_global":false,"head_any":"","head_desktop":"","head_mobile":"","footer_any":"","footer_desktop":"","footer_mobile":""},"_yoast_wpseo_title":null,"ilj_blacklistdefinition":[],"ilj_linkdefinition":[],"_yoast_wpseo_content_score":null,"rs_page_bg_color":null,"_wp_desired_post_slug":null,"_wpb_shortcodes_custom_css":null,"sg_popup_options_preview":null,"_wp_trash_meta_status":null,"_wp_trash_meta_time":null,"meta_box":[],"_links":{"self":[{"href":"https:\/\/www.kaktusykatowice.pl\/en\/wp-json\/wp\/v2\/product\/10124","targetHints":{"allow":["GET"]}}],"collection":[{"href":"https:\/\/www.kaktusykatowice.pl\/en\/wp-json\/wp\/v2\/product"}],"about":[{"href":"https:\/\/www.kaktusykatowice.pl\/en\/wp-json\/wp\/v2\/types\/product"}],"wp:featuredmedia":[{"embeddable":true,"href":"https:\/\/www.kaktusykatowice.pl\/en\/wp-json\/wp\/v2\/media\/10122"}],"wp:attachment":[{"href":"https:\/\/www.kaktusykatowice.pl\/en\/wp-json\/wp\/v2\/media?parent=10124"}],"wp:term":[{"taxonomy":"product_brand","embeddable":true,"href":"https:\/\/www.kaktusykatowice.pl\/en\/wp-json\/wp\/v2\/product_brand?post=10124"},{"taxonomy":"product_cat","embeddable":true,"href":"https:\/\/www.kaktusykatowice.pl\/en\/wp-json\/wp\/v2\/product_cat?post=10124"},{"taxonomy":"product_tag","embeddable":true,"href":"https:\/\/www.kaktusykatowice.pl\/en\/wp-json\/wp\/v2\/product_tag?post=10124"},{"taxonomy":"product_shipping_class","embeddable":true,"href":"https:\/\/www.kaktusykatowice.pl\/en\/wp-json\/wp\/v2\/product_shipping_class?post=10124"}],"curies":[{"name":"wp","href":"https:\/\/api.w.org\/{rel}","templated":true}]}}